{"id":12627,"date":"2023-10-30T22:51:45","date_gmt":"2023-10-30T22:51:45","guid":{"rendered":"http:\/\/localhost\/ch\/?page_id=12627"},"modified":"2023-10-30T23:00:55","modified_gmt":"2023-10-30T23:00:55","slug":"survey-of-myrtaceae-in-greater-antilles-2","status":"publish","type":"page","link":"https:\/\/jamaicachm.org.jm\/CHM\/survey-of-myrtaceae-in-greater-antilles-2\/","title":{"rendered":"SURVEY OF MYRTACEAE IN GREATER ANTILLES"},"content":{"rendered":"\t\t<div data-elementor-type=\"wp-post\" data-elementor-id=\"12627\" class=\"elementor elementor-12627\">\n\t\t\t\t\t\t<section class=\"elementor-section elementor-top-section elementor-element elementor-element-bcec401 elementor-section-stretched elementor-section-boxed elementor-section-height-default elementor-section-height-default\" data-id=\"bcec401\" data-element_type=\"section\" data-e-type=\"section\" id=\"home\" data-settings=\"{&quot;stretch_section&quot;:&quot;section-stretched&quot;,&quot;background_background&quot;:&quot;slideshow&quot;,&quot;shape_divider_bottom&quot;:&quot;curve&quot;,&quot;shape_divider_bottom_negative&quot;:&quot;yes&quot;,&quot;background_slideshow_gallery&quot;:[{&quot;id&quot;:12138,&quot;url&quot;:&quot;https:\\\/\\\/jamaicachm.org.jm\\\/CHM\\\/wp-content\\\/uploads\\\/2023\\\/10\\\/10005.jpg&quot;}],&quot;background_slideshow_loop&quot;:&quot;yes&quot;,&quot;background_slideshow_slide_duration&quot;:5000,&quot;background_slideshow_slide_transition&quot;:&quot;fade&quot;,&quot;background_slideshow_transition_duration&quot;:500}\">\n\t\t\t\t\t<div class=\"elementor-shape elementor-shape-bottom\" aria-hidden=\"true\" data-negative=\"true\">\n\t\t\t<svg xmlns=\"http:\/\/www.w3.org\/2000\/svg\" viewBox=\"0 0 1000 100\" preserveAspectRatio=\"none\">\n\t<path class=\"elementor-shape-fill\" d=\"M500,97C126.7,96.3,0.8,19.8,0,0v100l1000,0V1C1000,19.4,873.3,97.8,500,97z\"\/>\n<\/svg>\t\t<\/div>\n\t\t\t\t\t<div class=\"elementor-container elementor-column-gap-default\">\n\t\t\t\t\t<div class=\"elementor-column elementor-col-100 elementor-top-column elementor-element elementor-element-52a7eaf animated-slow elementor-invisible\" data-id=\"52a7eaf\" data-element_type=\"column\" data-e-type=\"column\" data-settings=\"{&quot;animation&quot;:&quot;fadeIn&quot;,&quot;animation_delay&quot;:500}\">\n\t\t\t<div class=\"elementor-widget-wrap elementor-element-populated\">\n\t\t\t\t\t\t<div class=\"elementor-element elementor-element-8682af3 elementor-widget elementor-widget-writing-effect-headline\" data-id=\"8682af3\" data-element_type=\"widget\" data-e-type=\"widget\" data-widget_type=\"writing-effect-headline.default\">\n\t\t\t\t<div class=\"elementor-widget-container\">\n\t\t\t\t\t\t\t<h3 class=\"a13ree-written-headline\" data-speed=\"108\" data-loop=\"1\">\r\n\t\t\t\r\n\t\t\t            <span class=\"written-lines elementor-screen-only\">SURVEY OF MYRTACEAE IN GREATER ANTILLES<\/span>\r\n\t\t\t\r\n\t\t\t\t\t<\/h3>\r\n\t\t\t\t\t\t<\/div>\n\t\t\t\t<\/div>\n\t\t\t\t<section class=\"elementor-section elementor-inner-section elementor-element elementor-element-9908a66 elementor-section-boxed elementor-section-height-default elementor-section-height-default\" data-id=\"9908a66\" data-element_type=\"section\" data-e-type=\"section\">\n\t\t\t\t\t\t<div class=\"elementor-container elementor-column-gap-no\">\n\t\t\t\t\t<div class=\"elementor-column elementor-col-100 elementor-inner-column elementor-element elementor-element-c15832f\" data-id=\"c15832f\" data-element_type=\"column\" data-e-type=\"column\">\n\t\t\t<div class=\"elementor-widget-wrap elementor-element-populated\">\n\t\t\t\t\t\t\t<\/div>\n\t\t<\/div>\n\t\t\t\t\t<\/div>\n\t\t<\/section>\n\t\t\t\t<div class=\"elementor-element elementor-element-3a2a2a4 elementor-widget elementor-widget-spacer\" data-id=\"3a2a2a4\" data-element_type=\"widget\" data-e-type=\"widget\" data-widget_type=\"spacer.default\">\n\t\t\t\t<div class=\"elementor-widget-container\">\n\t\t\t\t\t\t\t<div class=\"elementor-spacer\">\n\t\t\t<div class=\"elementor-spacer-inner\"><\/div>\n\t\t<\/div>\n\t\t\t\t\t\t<\/div>\n\t\t\t\t<\/div>\n\t\t\t\t<section class=\"elementor-section elementor-inner-section elementor-element elementor-element-e4182bc elementor-section-boxed elementor-section-height-default elementor-section-height-default\" data-id=\"e4182bc\" data-element_type=\"section\" data-e-type=\"section\">\n\t\t\t\t\t\t<div class=\"elementor-container elementor-column-gap-default\">\n\t\t\t\t\t<div class=\"elementor-column elementor-col-100 elementor-inner-column elementor-element elementor-element-574690d\" data-id=\"574690d\" data-element_type=\"column\" data-e-type=\"column\">\n\t\t\t<div class=\"elementor-widget-wrap elementor-element-populated\">\n\t\t\t\t\t\t<div class=\"elementor-element elementor-element-e89fee6 elementor-align-center elementor-mobile-align-center elementor-widget elementor-widget-button\" data-id=\"e89fee6\" data-element_type=\"widget\" data-e-type=\"widget\" data-widget_type=\"button.default\">\n\t\t\t\t<div class=\"elementor-widget-container\">\n\t\t\t\t\t\t\t\t\t<div class=\"elementor-button-wrapper\">\n\t\t\t\t\t<a class=\"elementor-button elementor-button-link elementor-size-md\" href=\"#about\" target=\"_blank\">\n\t\t\t\t\t\t<span class=\"elementor-button-content-wrapper\">\n\t\t\t\t\t\t<span class=\"elementor-button-icon\">\n\t\t\t\t<i aria-hidden=\"true\" class=\"fas fa-long-arrow-alt-down\"><\/i>\t\t\t<\/span>\n\t\t\t\t\t\t\t\t\t<span class=\"elementor-button-text\">Show Me More<\/span>\n\t\t\t\t\t<\/span>\n\t\t\t\t\t<\/a>\n\t\t\t\t<\/div>\n\t\t\t\t\t\t\t\t<\/div>\n\t\t\t\t<\/div>\n\t\t\t\t\t<\/div>\n\t\t<\/div>\n\t\t\t\t\t<\/div>\n\t\t<\/section>\n\t\t\t\t\t<\/div>\n\t\t<\/div>\n\t\t\t\t\t<\/div>\n\t\t<\/section>\n\t\t<div class=\"elementor-element elementor-element-4102dc4 e-flex e-con-boxed e-con e-parent\" data-id=\"4102dc4\" data-element_type=\"container\" data-e-type=\"container\">\n\t\t\t\t\t<div class=\"e-con-inner\">\n\t\t\t\t\t<\/div>\n\t\t\t\t<\/div>\n\t\t<div class=\"elementor-element elementor-element-bd8d075 e-flex e-con-boxed e-con e-parent\" data-id=\"bd8d075\" data-element_type=\"container\" data-e-type=\"container\">\n\t\t\t\t\t<div class=\"e-con-inner\">\n\t\t\t\t<div class=\"elementor-element elementor-element-97aa75a elementor-widget elementor-widget-heading\" data-id=\"97aa75a\" data-element_type=\"widget\" data-e-type=\"widget\" data-widget_type=\"heading.default\">\n\t\t\t\t<div class=\"elementor-widget-container\">\n\t\t\t\t\t<h2 class=\"elementor-heading-title elementor-size-default\">Citation <\/h2>\t\t\t\t<\/div>\n\t\t\t\t<\/div>\n\t\t\t\t\t<\/div>\n\t\t\t\t<\/div>\n\t\t\t\t<section class=\"elementor-section elementor-top-section elementor-element elementor-element-ccac4cc elementor-section-stretched elementor-section-boxed elementor-section-height-default elementor-section-height-default\" data-id=\"ccac4cc\" data-element_type=\"section\" data-e-type=\"section\" id=\"about\" data-settings=\"{&quot;stretch_section&quot;:&quot;section-stretched&quot;}\">\n\t\t\t\t\t\t<div class=\"elementor-container elementor-column-gap-default\">\n\t\t\t\t\t<div class=\"elementor-column elementor-col-100 elementor-top-column elementor-element elementor-element-73fec25f\" data-id=\"73fec25f\" data-element_type=\"column\" data-e-type=\"column\">\n\t\t\t<div class=\"elementor-widget-wrap elementor-element-populated\">\n\t\t\t\t\t\t<div class=\"elementor-element elementor-element-fcc3b4f elementor-drop-cap-yes elementor-drop-cap-view-default elementor-widget elementor-widget-text-editor\" data-id=\"fcc3b4f\" data-element_type=\"widget\" data-e-type=\"widget\" data-settings=\"{&quot;drop_cap&quot;:&quot;yes&quot;}\" data-widget_type=\"text-editor.default\">\n\t\t\t\t<div class=\"elementor-widget-container\">\n\t\t\t\t\t\t\t\t\t<p>A phylogenetic survey of Myrtaceae in the Greater Antilles with nomenclatural changes for some endemic species. Flickinger, J. A.,Jestrow,B., Oviedo Prieto, R., Santiago-Valent\u00edn, E., Sustache-Sustache, J., Jim\u00e9nez-Rodr\u00edguez, F., Campbell, K. C. St. E., &amp; Francisco-Ortega, J. Taxon 69(3): 448\u2013480. Copyright \u00a9 2020 International Association for Plant Taxonomy. John Wiley &amp; Sons Ltd. https:\/\/doi.org\/10.1002\/tax.12263<\/p>\t\t\t\t\t\t\t\t<\/div>\n\t\t\t\t<\/div>\n\t\t\t\t\t<\/div>\n\t\t<\/div>\n\t\t\t\t\t<\/div>\n\t\t<\/section>\n\t\t\t\t<section class=\"elementor-section elementor-top-section elementor-element elementor-element-54ac680 elementor-section-boxed elementor-section-height-default elementor-section-height-default\" data-id=\"54ac680\" data-element_type=\"section\" data-e-type=\"section\">\n\t\t\t\t\t\t<div class=\"elementor-container elementor-column-gap-no\">\n\t\t\t\t\t<div class=\"elementor-column elementor-col-100 elementor-top-column elementor-element elementor-element-13836a1\" data-id=\"13836a1\" data-element_type=\"column\" data-e-type=\"column\">\n\t\t\t<div class=\"elementor-widget-wrap elementor-element-populated\">\n\t\t\t\t\t\t<div class=\"elementor-element elementor-element-cd854f3 elementor-widget elementor-widget-image\" data-id=\"cd854f3\" data-element_type=\"widget\" data-e-type=\"widget\" data-widget_type=\"image.default\">\n\t\t\t\t<div class=\"elementor-widget-container\">\n\t\t\t\t\t\t\t\t\t\t\t\t\t\t\t\t<a href=\"#about\">\n\t\t\t\t\t\t\t<img decoding=\"async\" src=\"https:\/\/jamaicachm.org.jm\/CHM\/wp-content\/uploads\/2019\/02\/lander-downBTN.png\" title=\"\" alt=\"\" loading=\"lazy\" \/>\t\t\t\t\t\t\t\t<\/a>\n\t\t\t\t\t\t\t\t\t\t\t\t\t\t\t<\/div>\n\t\t\t\t<\/div>\n\t\t\t\t\t<\/div>\n\t\t<\/div>\n\t\t\t\t\t<\/div>\n\t\t<\/section>\n\t\t\t\t<\/div>\n\t\t","protected":false},"excerpt":{"rendered":"<p>SURVEY OF MYRTACEAE IN GREATER ANTILLES Show Me More Citation&hellip;<\/p>\n<p> <a class=\"more-link\" href=\"https:\/\/jamaicachm.org.jm\/CHM\/survey-of-myrtaceae-in-greater-antilles-2\/\">Read more<\/a><\/p>\n","protected":false},"author":2,"featured_media":1,"parent":0,"menu_order":0,"comment_status":"closed","ping_status":"closed","template":"","meta":{"_piecal_is_event":false,"_piecal_start_date":"","_piecal_end_date":"","_piecal_is_allday":false,"footnotes":""},"class_list":["post-12627","page","type-page","status-publish","has-post-thumbnail"],"_links":{"self":[{"href":"https:\/\/jamaicachm.org.jm\/CHM\/wp-json\/wp\/v2\/pages\/12627","targetHints":{"allow":["GET"]}}],"collection":[{"href":"https:\/\/jamaicachm.org.jm\/CHM\/wp-json\/wp\/v2\/pages"}],"about":[{"href":"https:\/\/jamaicachm.org.jm\/CHM\/wp-json\/wp\/v2\/types\/page"}],"author":[{"embeddable":true,"href":"https:\/\/jamaicachm.org.jm\/CHM\/wp-json\/wp\/v2\/users\/2"}],"replies":[{"embeddable":true,"href":"https:\/\/jamaicachm.org.jm\/CHM\/wp-json\/wp\/v2\/comments?post=12627"}],"version-history":[{"count":10,"href":"https:\/\/jamaicachm.org.jm\/CHM\/wp-json\/wp\/v2\/pages\/12627\/revisions"}],"predecessor-version":[{"id":12637,"href":"https:\/\/jamaicachm.org.jm\/CHM\/wp-json\/wp\/v2\/pages\/12627\/revisions\/12637"}],"wp:featuredmedia":[{"embeddable":true,"href":"https:\/\/jamaicachm.org.jm\/CHM\/wp-json\/wp\/v2\/posts\/1"}],"wp:attachment":[{"href":"https:\/\/jamaicachm.org.jm\/CHM\/wp-json\/wp\/v2\/media?parent=12627"}],"curies":[{"name":"wp","href":"https:\/\/api.w.org\/{rel}","templated":true}]}}